{"id":1135,"date":"2024-09-23T22:11:11","date_gmt":"2024-09-23T22:11:11","guid":{"rendered":"https:\/\/optxeurope.com\/prodotti\/selbstklebende-bifokalbrille-abstufung-200\/"},"modified":"2024-09-23T22:11:11","modified_gmt":"2024-09-23T22:11:11","slug":"selbstklebende-bifokalbrille-abstufung-200","status":"publish","type":"product","link":"https:\/\/optxeurope.com\/de\/prodotti\/selbstklebende-bifokalbrille-abstufung-200\/","title":{"rendered":"Selbstklebende Bifokalbrille &#8211; Abstufung 2,00"},"content":{"rendered":"<p><strong>Verwandeln Sie Ihre Brille in eine Bifokalbrille mit unseren hydroklebenden Gl\u00e4sern f\u00fcr Presbyopie!<\/strong><\/p>\n<p><strong>Patentierte klebstofffreie Klebetechnologie<\/strong> \u2013 Unsere Bifokalbrillen verwenden eine spezielle Hydroklebel\u00f6sung, die auch unter Wasser einen perfekten Sitz auf der Brille gew\u00e4hrleistet. Ohne den Einsatz von permanenten Klebstoffen oder Klebstoffen k\u00f6nnen Sie diese leicht entfernen und bei Bedarf wieder auf andere Gl\u00e4ser auftragen. <\/p>\n<p><strong>Einfach anzubringen<\/strong> \u2013 In wenigen einfachen Schritten k\u00f6nnen Sie Ihre Brille in eine Bifokalbrille verwandeln. Ein Tropfen Wasser reicht aus, um die Gl\u00e4ser direkt auf der Innenseite der Brille zu installieren. Der Eingriff ist schnell und r\u00fcckstandslos, so dass Sie in wenigen Augenblicken eine perfekte Nahaufnahme haben.  <\/p>\n<p><strong>F\u00fcr jede Situation geeignet<\/strong> \u2013 Unsere Bifokalbrillen eignen sich perfekt f\u00fcr alle Arten von Outdoor-Aktivit\u00e4ten. Wenn Sie ein Sportler sind, k\u00f6nnen Sie sie f\u00fcr Sonnenbrillen, technische Fahrradbrillen, Taucherbrillen oder Motocross-Brillen verwenden. Sie sind eine vielseitige L\u00f6sung, um Ihre Sehkraft zu verbessern, ohne auf Komfort oder Praktikabilit\u00e4t zu verzichten.  <\/p>\n<p><strong>Dioptrien verf\u00fcgbar<\/strong> \u2013 Um unterschiedlichen Sehbed\u00fcrfnissen gerecht zu werden, sind unsere wasserklebenden Gl\u00e4ser in 6 Abstufungen erh\u00e4ltlich: von +1,25 bis +3,00. Bifokalbrillen haben eine halbkreisf\u00f6rmige Form (28 mm x 14 mm), die f\u00fcr eine Vielzahl von Rahmen geeignet ist und eine klare und pr\u00e4zise Sicht gew\u00e4hrleistet. <\/p>\n<p><strong>Zertifizierte Qualit\u00e4t<\/strong> \u2013 Unsere hydroklebenden Gl\u00e4ser entsprechen den CE-Normen und werden aus hochwertigen, patentierten Materialien hergestellt. Jedes Paar ist so konzipiert, dass es unter allen Bedingungen lange h\u00e4lt und optimal funktioniert. <\/p>\n<p><strong>Probieren Sie sie aus, bevor Sie teure Bifokalbrillen kaufen<\/strong> \u2013 Wenn Sie sich nicht sicher sind, ob Sie sofort in teure Bifokalbrillen investieren m\u00f6chten, probieren Sie unsere StickTite Linsen aus. Sie sind die perfekte L\u00f6sung, um die Wirksamkeit des bifokalen Sehens zu testen, ohne den Komfort zu beeintr\u00e4chtigen. <\/p>\n<p><strong>Was Sie bekommen<\/strong> \u2013 Jede Packung enth\u00e4lt ein Paar hydroklebende Bifokalbrillen, begleitet von detaillierten Anweisungen zum Anbringen und Entfernen, alles in einer innovativen und sicheren Verpackung zum Schutz der Linsen.<\/p>\n","protected":false},"excerpt":{"rendered":"<p>Alkoholgehalt 2,00<\/p>\n","protected":false},"featured_media":1097,"template":"","meta":[],"product_brand":[],"product_cat":[38],"product_tag":[],"class_list":{"0":"post-1135","1":"product","2":"type-product","3":"status-publish","4":"has-post-thumbnail","6":"product_cat-nicht-kategorisiert","8":"first","9":"instock","10":"taxable","11":"shipping-taxable","12":"purchasable","13":"product-type-simple"},"jetpack_sharing_enabled":true,"_links":{"self":[{"href":"https:\/\/optxeurope.com\/de\/wp-json\/wp\/v2\/product\/1135","targetHints":{"allow":["GET"]}}],"collection":[{"href":"https:\/\/optxeurope.com\/de\/wp-json\/wp\/v2\/product"}],"about":[{"href":"https:\/\/optxeurope.com\/de\/wp-json\/wp\/v2\/types\/product"}],"wp:featuredmedia":[{"embeddable":true,"href":"https:\/\/optxeurope.com\/de\/wp-json\/wp\/v2\/media\/1097"}],"wp:attachment":[{"href":"https:\/\/optxeurope.com\/de\/wp-json\/wp\/v2\/media?parent=1135"}],"wp:term":[{"taxonomy":"product_brand","embeddable":true,"href":"https:\/\/optxeurope.com\/de\/wp-json\/wp\/v2\/product_brand?post=1135"},{"taxonomy":"product_cat","embeddable":true,"href":"https:\/\/optxeurope.com\/de\/wp-json\/wp\/v2\/product_cat?post=1135"},{"taxonomy":"product_tag","embeddable":true,"href":"https:\/\/optxeurope.com\/de\/wp-json\/wp\/v2\/product_tag?post=1135"}],"curies":[{"name":"wp","href":"https:\/\/api.w.org\/{rel}","templated":true}]}}