{"id":1113,"date":"2024-09-23T15:38:54","date_gmt":"2024-09-23T15:38:54","guid":{"rendered":"https:\/\/optxeurope.com\/ueber-uns\/"},"modified":"2025-05-06T15:56:19","modified_gmt":"2025-05-06T15:56:19","slug":"ueber-uns","status":"publish","type":"page","link":"https:\/\/optxeurope.com\/de\/ueber-uns\/","title":{"rendered":"\u00dcber uns"},"content":{"rendered":"\t\t<div data-elementor-type=\"wp-page\" data-elementor-id=\"1113\" class=\"elementor elementor-1113 elementor-368\" data-elementor-post-type=\"page\">\n\t\t\t\t\t\t<section class=\"elementor-section elementor-top-section elementor-element elementor-element-614ba941 elementor-section-boxed elementor-section-height-default elementor-section-height-default\" data-id=\"614ba941\" data-element_type=\"section\" data-e-type=\"section\" data-settings=\"{&quot;background_background&quot;:&quot;classic&quot;}\">\n\t\t\t\t\t\t\t<div class=\"elementor-background-overlay\"><\/div>\n\t\t\t\t\t\t\t<div class=\"elementor-container elementor-column-gap-no\">\n\t\t\t\t\t<div class=\"elementor-column elementor-col-50 elementor-top-column elementor-element elementor-element-34709658\" data-id=\"34709658\" data-element_type=\"column\" data-e-type=\"column\">\n\t\t\t<div class=\"elementor-widget-wrap elementor-element-populated\">\n\t\t\t\t\t\t<div class=\"elementor-element elementor-element-5ba7b3d5 elementor-widget__width-auto elementor-invisible elementor-widget elementor-widget-heading\" data-id=\"5ba7b3d5\" data-element_type=\"widget\" data-e-type=\"widget\" data-settings=\"{&quot;_animation&quot;:&quot;bounceInUp&quot;,&quot;_animation_delay&quot;:&quot;300&quot;}\" data-widget_type=\"heading.default\">\n\t\t\t\t<div class=\"elementor-widget-container\">\n\t\t\t\t\t<h6 class=\"elementor-heading-title elementor-size-default\">MEDIZINPRODUKT<\/h6>\t\t\t\t<\/div>\n\t\t\t\t<\/div>\n\t\t\t\t\t<\/div>\n\t\t<\/div>\n\t\t\t\t<div class=\"elementor-column elementor-col-50 elementor-top-column elementor-element elementor-element-72566126\" data-id=\"72566126\" data-element_type=\"column\" data-e-type=\"column\">\n\t\t\t<div class=\"elementor-widget-wrap elementor-element-populated\">\n\t\t\t\t\t\t<div class=\"elementor-element elementor-element-576039e9 elementor-icon-list--layout-inline elementor-align-end elementor-mobile-align-start elementor-list-item-link-full_width elementor-invisible elementor-widget elementor-widget-icon-list\" data-id=\"576039e9\" data-element_type=\"widget\" data-e-type=\"widget\" data-settings=\"{&quot;_animation&quot;:&quot;fadeInUp&quot;}\" data-widget_type=\"icon-list.default\">\n\t\t\t\t<div class=\"elementor-widget-container\">\n\t\t\t\t\t\t\t<ul class=\"elementor-icon-list-items elementor-inline-items\">\n\t\t\t\t\t\t\t<li class=\"elementor-icon-list-item elementor-inline-item\">\n\t\t\t\t\t\t\t\t\t\t\t<span class=\"elementor-icon-list-icon\">\n\t\t\t\t\t\t\t<svg aria-hidden=\"true\" class=\"e-font-icon-svg e-fas-home\" viewBox=\"0 0 576 512\" xmlns=\"http:\/\/www.w3.org\/2000\/svg\"><path d=\"M280.37 148.26L96 300.11V464a16 16 0 0 0 16 16l112.06-.29a16 16 0 0 0 15.92-16V368a16 16 0 0 1 16-16h64a16 16 0 0 1 16 16v95.64a16 16 0 0 0 16 16.05L464 480a16 16 0 0 0 16-16V300L295.67 148.26a12.19 12.19 0 0 0-15.3 0zM571.6 251.47L488 182.56V44.05a12 12 0 0 0-12-12h-56a12 12 0 0 0-12 12v72.61L318.47 43a48 48 0 0 0-61 0L4.34 251.47a12 12 0 0 0-1.6 16.9l25.5 31A12 12 0 0 0 45.15 301l235.22-193.74a12.19 12.19 0 0 1 15.3 0L530.9 301a12 12 0 0 0 16.9-1.6l25.5-31a12 12 0 0 0-1.7-16.93z\"><\/path><\/svg>\t\t\t\t\t\t<\/span>\n\t\t\t\t\t\t\t\t\t\t<span class=\"elementor-icon-list-text\">Heim<\/span>\n\t\t\t\t\t\t\t\t\t<\/li>\n\t\t\t\t\t\t\t\t<li class=\"elementor-icon-list-item elementor-inline-item\">\n\t\t\t\t\t\t\t\t\t\t\t<span class=\"elementor-icon-list-icon\">\n\t\t\t\t\t\t\t<svg aria-hidden=\"true\" class=\"e-font-icon-svg e-fas-angle-right\" viewBox=\"0 0 256 512\" xmlns=\"http:\/\/www.w3.org\/2000\/svg\"><path d=\"M224.3 273l-136 136c-9.4 9.4-24.6 9.4-33.9 0l-22.6-22.6c-9.4-9.4-9.4-24.6 0-33.9l96.4-96.4-96.4-96.4c-9.4-9.4-9.4-24.6 0-33.9L54.3 103c9.4-9.4 24.6-9.4 33.9 0l136 136c9.5 9.4 9.5 24.6.1 34z\"><\/path><\/svg>\t\t\t\t\t\t<\/span>\n\t\t\t\t\t\t\t\t\t\t<span class=\"elementor-icon-list-text\"><\/span>\n\t\t\t\t\t\t\t\t\t<\/li>\n\t\t\t\t\t\t<\/ul>\n\t\t\t\t\t\t<\/div>\n\t\t\t\t<\/div>\n\t\t\t\t\t<\/div>\n\t\t<\/div>\n\t\t\t\t\t<\/div>\n\t\t<\/section>\n\t\t\t\t<section class=\"elementor-section elementor-top-section elementor-element elementor-element-755c8643 elementor-reverse-mobile elementor-section-boxed elementor-section-height-default elementor-section-height-default\" data-id=\"755c8643\" data-element_type=\"section\" data-e-type=\"section\" data-settings=\"{&quot;background_background&quot;:&quot;classic&quot;}\">\n\t\t\t\t\t\t<div class=\"elementor-container elementor-column-gap-no\">\n\t\t\t\t\t<div class=\"elementor-column elementor-col-50 elementor-top-column elementor-element elementor-element-4a9d4cd4\" data-id=\"4a9d4cd4\" data-element_type=\"column\" data-e-type=\"column\">\n\t\t\t<div class=\"elementor-widget-wrap elementor-element-populated\">\n\t\t\t\t\t\t<div class=\"elementor-element elementor-element-633783c4 elementor-invisible elementor-widget elementor-widget-image\" data-id=\"633783c4\" data-element_type=\"widget\" data-e-type=\"widget\" data-settings=\"{&quot;_animation&quot;:&quot;fadeInLeft&quot;}\" data-widget_type=\"image.default\">\n\t\t\t\t<div class=\"elementor-widget-container\">\n\t\t\t\t\t\t\t\t\t\t\t\t\t\t\t<img decoding=\"async\" src=\"https:\/\/optxeurope.com\/wp-content\/uploads\/elementor\/thumbs\/OPTX-Europe-Lenti-bifocali-adesive-023-quj95yns3zh46ph4imvvu347x3hapv5ds1filf6ja4.webp\" title=\"OPTX Europe &#8211; Lenti bifocali adesive 023\" alt=\"OPTX Europe - Lenti bifocali adesive 023\" loading=\"lazy\" \/>\t\t\t\t\t\t\t\t\t\t\t\t\t\t\t<\/div>\n\t\t\t\t<\/div>\n\t\t\t\t\t<\/div>\n\t\t<\/div>\n\t\t\t\t<div class=\"elementor-column elementor-col-50 elementor-top-column elementor-element elementor-element-1d0fb8d6\" data-id=\"1d0fb8d6\" data-element_type=\"column\" data-e-type=\"column\" data-settings=\"{&quot;background_background&quot;:&quot;classic&quot;}\">\n\t\t\t<div class=\"elementor-widget-wrap elementor-element-populated\">\n\t\t\t\t\t\t<div class=\"elementor-element elementor-element-5c95ddf2 elementor-widget__width-auto elementor-invisible elementor-widget elementor-widget-heading\" data-id=\"5c95ddf2\" data-element_type=\"widget\" data-e-type=\"widget\" data-settings=\"{&quot;_animation&quot;:&quot;bounceInUp&quot;,&quot;_animation_delay&quot;:&quot;300&quot;}\" data-widget_type=\"heading.default\">\n\t\t\t\t<div class=\"elementor-widget-container\">\n\t\t\t\t\t<h6 class=\"elementor-heading-title elementor-size-default\">EUROP\u00c4ISCHER DISTRIBUTOR<\/h6>\t\t\t\t<\/div>\n\t\t\t\t<\/div>\n\t\t\t\t<div class=\"elementor-element elementor-element-91692c3 elementor-invisible elementor-widget elementor-widget-heading\" data-id=\"91692c3\" data-element_type=\"widget\" data-e-type=\"widget\" data-settings=\"{&quot;_animation&quot;:&quot;fadeInUp&quot;}\" data-widget_type=\"heading.default\">\n\t\t\t\t<div class=\"elementor-widget-container\">\n\t\t\t\t\t<h2 class=\"elementor-heading-title elementor-size-default\">Die Qualit\u00e4t eines Medizinprodukts<\/h2>\t\t\t\t<\/div>\n\t\t\t\t<\/div>\n\t\t\t\t<div class=\"elementor-element elementor-element-22a0b7be elementor-widget elementor-widget-text-editor\" data-id=\"22a0b7be\" data-element_type=\"widget\" data-e-type=\"widget\" data-widget_type=\"text-editor.default\">\n\t\t\t\t<div class=\"elementor-widget-container\">\n\t\t\t\t\t\t\t\t\t<p><strong>Dosca Srl<\/strong> ist der offizielle europ\u00e4ische Distributor von bifokalen Klebelinsen und firmiert unter der Marke <strong>OPTX Europe<\/strong>. Mit \u00fcber <strong>30 Jahren Erfahrung<\/strong> in der optischen Industrie hat Dosca Srl sein umfangreiches Wissen genutzt, um die besten selbstklebenden Gl\u00e4ser auf dem Markt auszuw\u00e4hlen und zu vertreiben. <\/p><p>Dank seiner langj\u00e4hrigen Erfahrung und der kontinuierlichen Suche nach innovativen L\u00f6sungen hat sich OPTX Europe als f\u00fchrend im Vertrieb von hochwertigen bifokalen Klebelinsen etabliert, die Zuverl\u00e4ssigkeit, Komfort und visuelle Sicherheit garantieren. Die Mission von Dosca Srl ist es, seinen Kunden in ganz Europa ein Produkt anzubieten, das Funktionalit\u00e4t, Benutzerfreundlichkeit und fortschrittliche patentierte Technologie vereint. <\/p>\t\t\t\t\t\t\t\t<\/div>\n\t\t\t\t<\/div>\n\t\t\t\t\t<\/div>\n\t\t<\/div>\n\t\t\t\t\t<\/div>\n\t\t<\/section>\n\t\t\t\t<section class=\"elementor-section elementor-top-section elementor-element elementor-element-615588a elementor-section-boxed elementor-section-height-default elementor-section-height-default\" data-id=\"615588a\" data-element_type=\"section\" data-e-type=\"section\">\n\t\t\t\t\t\t<div class=\"elementor-container elementor-column-gap-no\">\n\t\t\t\t\t<div class=\"elementor-column elementor-col-100 elementor-top-column elementor-element elementor-element-5862acc8\" data-id=\"5862acc8\" data-element_type=\"column\" data-e-type=\"column\">\n\t\t\t<div class=\"elementor-widget-wrap elementor-element-populated\">\n\t\t\t\t\t\t<section class=\"elementor-section elementor-inner-section elementor-element elementor-element-3981040a elementor-section-content-middle elementor-section-boxed elementor-section-height-default elementor-section-height-default\" data-id=\"3981040a\" data-element_type=\"section\" data-e-type=\"section\">\n\t\t\t\t\t\t<div class=\"elementor-container elementor-column-gap-no\">\n\t\t\t\t\t<div class=\"elementor-column elementor-col-50 elementor-inner-column elementor-element elementor-element-4293e4fa\" data-id=\"4293e4fa\" data-element_type=\"column\" data-e-type=\"column\">\n\t\t\t<div class=\"elementor-widget-wrap elementor-element-populated\">\n\t\t\t\t\t\t<div class=\"elementor-element elementor-element-7c2fcf5e elementor-widget__width-auto elementor-invisible elementor-widget elementor-widget-heading\" data-id=\"7c2fcf5e\" data-element_type=\"widget\" data-e-type=\"widget\" data-settings=\"{&quot;_animation&quot;:&quot;bounceInUp&quot;,&quot;_animation_delay&quot;:&quot;300&quot;}\" data-widget_type=\"heading.default\">\n\t\t\t\t<div class=\"elementor-widget-container\">\n\t\t\t\t\t<h6 class=\"elementor-heading-title elementor-size-default\">WAS WIR TUN<\/h6>\t\t\t\t<\/div>\n\t\t\t\t<\/div>\n\t\t\t\t<div class=\"elementor-element elementor-element-3ebd1ab6 elementor-invisible elementor-widget elementor-widget-heading\" data-id=\"3ebd1ab6\" data-element_type=\"widget\" data-e-type=\"widget\" data-settings=\"{&quot;_animation&quot;:&quot;fadeInUp&quot;}\" data-widget_type=\"heading.default\">\n\t\t\t\t<div class=\"elementor-widget-container\">\n\t\t\t\t\t<h2 class=\"elementor-heading-title elementor-size-default\">SENDUNG<\/h2>\t\t\t\t<\/div>\n\t\t\t\t<\/div>\n\t\t\t\t<div class=\"elementor-element elementor-element-4a37b4b2 elementor-widget elementor-widget-text-editor\" data-id=\"4a37b4b2\" data-element_type=\"widget\" data-e-type=\"widget\" data-widget_type=\"text-editor.default\">\n\t\t\t\t<div class=\"elementor-widget-container\">\n\t\t\t\t\t\t\t\t\t<p><strong>So installieren Sie OPTX EUROPE Brillengl\u00e4ser in 4 einfachen Schritten:<\/strong><\/p><ol><li><strong>Reinigung der Gl\u00e4ser:<\/strong><br>Beginnen Sie damit, die Gl\u00e4ser Ihrer Brille gr\u00fcndlich mit einem <strong>Mikrofasertuch<\/strong> zu reinigen, um Staub und Fingerabdr\u00fccke zu entfernen.<\/li><li><strong>F\u00fcge einen Tropfen Wasser hinzu:<\/strong><br>Tragen Sie einen <strong>Tropfen Wasser auf die<\/strong> Oberfl\u00e4che der Gl\u00e4ser Ihrer Brille auf, das als nat\u00fcrlicher Klebstoff f\u00fcr Ihre Bifokalbrille dient.<\/li><li><strong>Platzierung von Bifokalbrillen:<\/strong><br>Tragen Sie <strong>Stiktite-Linsen<\/strong> auf die Unterseite der Gl\u00e4ser Ihrer Brille auf, in der N\u00e4he der Position Ihrer Nase. Stellen Sie sicher, dass sie f\u00fcr eine optimale Anzeige richtig positioniert sind. <\/li><li><strong>Trocknung und Blasenentfernung:<\/strong><br>Verwenden Sie zum Schluss ein <strong>Mikrofasertuch<\/strong> , um Luftblasen und \u00fcbersch\u00fcssiges Wasser zu trocknen und zu entfernen, um eine perfekte Anwendung zu gew\u00e4hrleisten.<\/li><\/ol><div> <\/div><p><img decoding=\"async\" class=\"emoji\" role=\"img\" draggable=\"false\" src=\"https:\/\/s.w.org\/images\/core\/emoji\/15.0.3\/svg\/1f4f9.svg\" alt=\"\ud83d\udcf9\"> <strong>M\u00f6chten Sie sehen, wie es gemacht wird?<\/strong><br>Sehen Sie sich das Video unten mit einer Schritt-f\u00fcr-Schritt-Anleitung an, um Ihre OPTX EUROPE-Gl\u00e4ser einfach zu installieren!<\/p>\t\t\t\t\t\t\t\t<\/div>\n\t\t\t\t<\/div>\n\t\t\t\t\t<\/div>\n\t\t<\/div>\n\t\t\t\t<div class=\"elementor-column elementor-col-50 elementor-inner-column elementor-element elementor-element-771b7ddf\" data-id=\"771b7ddf\" data-element_type=\"column\" data-e-type=\"column\">\n\t\t\t<div class=\"elementor-widget-wrap elementor-element-populated\">\n\t\t\t\t\t\t<div class=\"elementor-element elementor-element-2a1a08a9 elementor-invisible elementor-widget elementor-widget-image\" data-id=\"2a1a08a9\" data-element_type=\"widget\" data-e-type=\"widget\" data-settings=\"{&quot;_animation&quot;:&quot;fadeInRight&quot;}\" data-widget_type=\"image.default\">\n\t\t\t\t<div class=\"elementor-widget-container\">\n\t\t\t\t\t\t\t\t\t\t\t\t\t\t\t<img fetchpriority=\"high\" decoding=\"async\" width=\"683\" height=\"1024\" src=\"https:\/\/optxeurope.com\/wp-content\/uploads\/2024\/09\/OPTX-Europe-Lenti-bifocali-adesive-092-683x1024.webp\" class=\"attachment-large size-large wp-image-938\" alt=\"\" srcset=\"https:\/\/optxeurope.com\/wp-content\/uploads\/2024\/09\/OPTX-Europe-Lenti-bifocali-adesive-092-683x1024.webp 683w, https:\/\/optxeurope.com\/wp-content\/uploads\/2024\/09\/OPTX-Europe-Lenti-bifocali-adesive-092-200x300.webp 200w, https:\/\/optxeurope.com\/wp-content\/uploads\/2024\/09\/OPTX-Europe-Lenti-bifocali-adesive-092-768x1152.webp 768w, https:\/\/optxeurope.com\/wp-content\/uploads\/2024\/09\/OPTX-Europe-Lenti-bifocali-adesive-092-600x900.webp 600w, https:\/\/optxeurope.com\/wp-content\/uploads\/2024\/09\/OPTX-Europe-Lenti-bifocali-adesive-092.webp 1000w\" sizes=\"(max-width: 683px) 100vw, 683px\" \/>\t\t\t\t\t\t\t\t\t\t\t\t\t\t\t<\/div>\n\t\t\t\t<\/div>\n\t\t\t\t\t<\/div>\n\t\t<\/div>\n\t\t\t\t\t<\/div>\n\t\t<\/section>\n\t\t\t\t\t<\/div>\n\t\t<\/div>\n\t\t\t\t\t<\/div>\n\t\t<\/section>\n\t\t\t\t<\/div>\n\t\t","protected":false},"excerpt":{"rendered":"<p>MEDIZINPRODUKT Heim EUROP\u00c4ISCHER DISTRIBUTOR Die Qualit\u00e4t eines Medizinprodukts Dosca Srl ist der offizielle europ\u00e4ische Distributor von bifokalen Klebelinsen und firmiert unter der Marke OPTX Europe. Mit \u00fcber 30 Jahren Erfahrung in der optischen Industrie hat Dosca Srl sein umfangreiches Wissen genutzt, um die besten selbstklebenden Gl\u00e4ser auf dem Markt auszuw\u00e4hlen und zu vertreiben. Dank seiner [&hellip;]<\/p>\n","protected":false},"author":1,"featured_media":0,"parent":0,"menu_order":2,"comment_status":"closed","ping_status":"closed","template":"","meta":{"footnotes":""},"class_list":["post-1113","page","type-page","status-publish","hentry"],"jetpack_sharing_enabled":true,"_links":{"self":[{"href":"https:\/\/optxeurope.com\/de\/wp-json\/wp\/v2\/pages\/1113","targetHints":{"allow":["GET"]}}],"collection":[{"href":"https:\/\/optxeurope.com\/de\/wp-json\/wp\/v2\/pages"}],"about":[{"href":"https:\/\/optxeurope.com\/de\/wp-json\/wp\/v2\/types\/page"}],"author":[{"embeddable":true,"href":"https:\/\/optxeurope.com\/de\/wp-json\/wp\/v2\/users\/1"}],"replies":[{"embeddable":true,"href":"https:\/\/optxeurope.com\/de\/wp-json\/wp\/v2\/comments?post=1113"}],"version-history":[{"count":1,"href":"https:\/\/optxeurope.com\/de\/wp-json\/wp\/v2\/pages\/1113\/revisions"}],"predecessor-version":[{"id":1114,"href":"https:\/\/optxeurope.com\/de\/wp-json\/wp\/v2\/pages\/1113\/revisions\/1114"}],"wp:attachment":[{"href":"https:\/\/optxeurope.com\/de\/wp-json\/wp\/v2\/media?parent=1113"}],"curies":[{"name":"wp","href":"https:\/\/api.w.org\/{rel}","templated":true}]}}